{"id":59779,"date":"2024-06-13T14:44:19","date_gmt":"2024-06-13T12:44:19","guid":{"rendered":"https:\/\/www.geneveroule.ch\/?page_id=59779"},"modified":"2024-06-20T17:06:52","modified_gmt":"2024-06-20T15:06:52","slug":"rapport-activite-2023","status":"publish","type":"page","link":"https:\/\/www.geneveroule.ch\/fr\/rapport-activite-2023\/","title":{"rendered":"Rapport d&rsquo;activit\u00e9 2023"},"content":{"rendered":"<p>[et_pb_section fb_built=\u00a0\u00bb1&Prime; _builder_version=\u00a0\u00bb4.16&Prime; _module_preset=\u00a0\u00bbdefault\u00a0\u00bb background_color=\u00a0\u00bb#FBBA00&Prime; height=\u00a0\u00bb100px\u00a0\u00bb global_colors_info=\u00a0\u00bb{}\u00a0\u00bb][et_pb_row make_equal=\u00a0\u00bbon\u00a0\u00bb _builder_version=\u00a0\u00bb4.16&Prime; _module_preset=\u00a0\u00bbdefault\u00a0\u00bb width=\u00a0\u00bb100%\u00a0\u00bb custom_margin=\u00a0\u00bb-30px||0px||false|false\u00a0\u00bb custom_padding=\u00a0\u00bb0px||0px||false|false\u00a0\u00bb animation_style=\u00a0\u00bbbounce\u00a0\u00bb global_colors_info=\u00a0\u00bb{}\u00a0\u00bb button_text_color__hover=\u00a0\u00bb#E52629&Prime; button_text_color__hover_enabled=\u00a0\u00bbon|hover\u00a0\u00bb button_bg_color__hover=\u00a0\u00bb#FBBA00&Prime; button_bg_color__hover_enabled=\u00a0\u00bbon|hover\u00a0\u00bb button_border_radius__hover=\u00a0\u00bb35px\u00a0\u00bb button_border_radius__hover_enabled=\u00a0\u00bbon|hover\u00a0\u00bb][et_pb_column type=\u00a0\u00bb4_4&Prime; _builder_version=\u00a0\u00bb4.16&Prime; _module_preset=\u00a0\u00bbdefault\u00a0\u00bb global_colors_info=\u00a0\u00bb{}\u00a0\u00bb][et_pb_text _builder_version=\u00a0\u00bb4.25.1&Prime; _module_preset=\u00a0\u00bbdefault\u00a0\u00bb text_font=\u00a0\u00bbSaune Bold||||||||\u00a0\u00bb text_text_color=\u00a0\u00bb#FFFFFF\u00a0\u00bb custom_margin_tablet=\u00a0\u00bb10px|||40px|false|false\u00a0\u00bb custom_margin_phone=\u00a0\u00bb11px|||15px|false|false\u00a0\u00bb custom_margin_last_edited=\u00a0\u00bbon|tablet\u00a0\u00bb global_colors_info=\u00a0\u00bb{}\u00a0\u00bb]<\/p>\n<h1 style=\"text-align: left;\"><span style=\"color: #ffffff;\">Rapport d&rsquo;activit\u00e9 2023<\/span><\/h1>\n<p>[\/et_pb_text][\/et_pb_column][\/et_pb_row][et_pb_row _builder_version=\u00a0\u00bb4.16&Prime; _module_preset=\u00a0\u00bbdefault\u00a0\u00bb locked=\u00a0\u00bboff\u00a0\u00bb global_colors_info=\u00a0\u00bb{}\u00a0\u00bb][et_pb_column type=\u00a0\u00bb4_4&Prime; _builder_version=\u00a0\u00bb4.16&Prime; _module_preset=\u00a0\u00bbdefault\u00a0\u00bb global_colors_info=\u00a0\u00bb{}\u00a0\u00bb][lwp_divi_breadcrumbs home_text=\u00a0\u00bbAccueil\u00a0\u00bb link_color=\u00a0\u00bb#3023AD\u00a0\u00bb separator_color=\u00a0\u00bb#FBBA00&Prime; current_text_color=\u00a0\u00bb#FBBA00&Prime; disabled_on=\u00a0\u00bbon|on|off\u00a0\u00bb _builder_version=\u00a0\u00bb4.16&Prime; _module_preset=\u00a0\u00bbdefault\u00a0\u00bb module_font=\u00a0\u00bb|300|||||||\u00a0\u00bb module_text_align=\u00a0\u00bbleft\u00a0\u00bb module_text_color=\u00a0\u00bb#FBBA00&Prime; module_font_size=\u00a0\u00bb16px\u00a0\u00bb width=\u00a0\u00bb100%\u00a0\u00bb module_alignment=\u00a0\u00bbright\u00a0\u00bb custom_margin=\u00a0\u00bb14px||||false|false\u00a0\u00bb global_colors_info=\u00a0\u00bb{}\u00a0\u00bb][\/lwp_divi_breadcrumbs][\/et_pb_column][\/et_pb_row][\/et_pb_section][et_pb_section fb_built=\u00a0\u00bb1&Prime; admin_label=\u00a0\u00bbServices\u00a0\u00bb _builder_version=\u00a0\u00bb4.16&Prime; background_color=\u00a0\u00bb#FFFFFF\u00a0\u00bb global_colors_info=\u00a0\u00bb{}\u00a0\u00bb title_text_tablet=\u00a0\u00bbupholsterer-41&Prime;][et_pb_row _builder_version=\u00a0\u00bb4.16&Prime; _module_preset=\u00a0\u00bbdefault\u00a0\u00bb width_tablet=\u00a0\u00bb\u00a0\u00bb width_phone=\u00a0\u00bb90%\u00a0\u00bb width_last_edited=\u00a0\u00bbon|phone\u00a0\u00bb global_colors_info=\u00a0\u00bb{}\u00a0\u00bb][et_pb_column type=\u00a0\u00bb4_4&Prime; _builder_version=\u00a0\u00bb4.16&Prime; _module_preset=\u00a0\u00bbdefault\u00a0\u00bb global_colors_info=\u00a0\u00bb{}\u00a0\u00bb][et_pb_text _builder_version=\u00a0\u00bb4.25.1&Prime; _module_preset=\u00a0\u00bbdefault\u00a0\u00bb header_2_font_size=\u00a0\u00bb56px\u00a0\u00bb custom_margin=\u00a0\u00bb||||false|false\u00a0\u00bb header_font_size_tablet=\u00a0\u00bb\u00a0\u00bb header_font_size_phone=\u00a0\u00bb40px\u00a0\u00bb header_font_size_last_edited=\u00a0\u00bbon|phone\u00a0\u00bb header_2_font_size_tablet=\u00a0\u00bb56px\u00a0\u00bb header_2_font_size_phone=\u00a0\u00bb42px\u00a0\u00bb header_2_font_size_last_edited=\u00a0\u00bbon|phone\u00a0\u00bb global_colors_info=\u00a0\u00bb{}\u00a0\u00bb]<\/p>\n<h2 style=\"text-align: center;\">Rapport d&rsquo;activit\u00e9 2023<\/h2>\n<p>[\/et_pb_text][\/et_pb_column][\/et_pb_row][\/et_pb_section][et_pb_section fb_built=\u00a0\u00bb1&Prime; _builder_version=\u00a0\u00bb4.25.1&Prime; _module_preset=\u00a0\u00bbdefault\u00a0\u00bb global_colors_info=\u00a0\u00bb{}\u00a0\u00bb][et_pb_row _builder_version=\u00a0\u00bb4.25.1&Prime; _module_preset=\u00a0\u00bbdefault\u00a0\u00bb global_colors_info=\u00a0\u00bb{}\u00a0\u00bb][et_pb_column type=\u00a0\u00bb4_4&Prime; _builder_version=\u00a0\u00bb4.16.1&Prime; _module_preset=\u00a0\u00bbdefault\u00a0\u00bb global_colors_info=\u00a0\u00bb{}\u00a0\u00bb][et_pb_code _builder_version=\u00a0\u00bb4.25.1&Prime; _module_preset=\u00a0\u00bbdefault\u00a0\u00bb hover_enabled=\u00a0\u00bb0&Prime; global_colors_info=\u00a0\u00bb{}\u00a0\u00bb sticky_enabled=\u00a0\u00bb0&Prime;]<div class=\"_df_book df-lite\" id=\"df_59790\"  _slug=\"rapport-dactivite-2023\" data-title=\"rapport-dactivite-2023\" wpoptions=\"true\" thumb=\"https:\/\/www.geneveroule.ch\/wp-content\/uploads\/2024\/06\/vignette_rapport_activiteGeRoule.jpg\" thumbtype=\"\" ><\/div><script class=\"df-shortcode-script\" nowprocket type=\"application\/javascript\">window.option_df_59790 = {\"outline\":[],\"autoEnableOutline\":\"false\",\"autoEnableThumbnail\":\"false\",\"overwritePDFOutline\":\"false\",\"direction\":\"1\",\"pageSize\":\"0\",\"source\":\"https:\\\/\\\/www.geneveroule.ch\\\/wp-content\\\/uploads\\\/2024\\\/06\\\/Geneveroule_RA_2023_web.pdf\",\"wpOptions\":\"true\"}; if(window.DFLIP && window.DFLIP.parseBooks){window.DFLIP.parseBooks();}<\/script>[\/et_pb_code][\/et_pb_column][\/et_pb_row][et_pb_row _builder_version=\u00a0\u00bb4.16.1&Prime; _module_preset=\u00a0\u00bbdefault\u00a0\u00bb global_colors_info=\u00a0\u00bb{}\u00a0\u00bb][et_pb_column type=\u00a0\u00bb4_4&Prime; _builder_version=\u00a0\u00bb4.16.1&Prime; _module_preset=\u00a0\u00bbdefault\u00a0\u00bb global_colors_info=\u00a0\u00bb{}\u00a0\u00bb][et_pb_text _builder_version=\u00a0\u00bb4.25.1&Prime; _module_preset=\u00a0\u00bbdefault\u00a0\u00bb link_option_url=\u00a0\u00bbhttps:\/\/www.geneveroule.ch\/wp-content\/uploads\/2024\/06\/Geneveroule_RA_2023_web.pdf\u00a0\u00bb global_colors_info=\u00a0\u00bb{}\u00a0\u00bb]<\/p>\n<p><span style=\"text-decoration: underline; color: #0000ff;\">Rapport d&rsquo;activit\u00e9 2023<\/span><\/p>\n<p>[\/et_pb_text][\/et_pb_column][\/et_pb_row][\/et_pb_section]<\/p>\n","protected":false},"excerpt":{"rendered":"<p>Rapport d&rsquo;activit\u00e9 2023<div class=\"et_pb_module lwp_divi_breadcrumbs lwp_divi_breadcrumbs_0\">\n\t\t\t\t\n\t\t\t\t\n\t\t\t\t\n\t\t\t\t\n\t\t\t\t\n\t\t\t\t\n\t\t\t\t<div class=\"et_pb_module_inner\">\n\t\t\t\t\t<div class=\"lwp-breadcrumbs\"> <span class=\"before\"><\/span> <span vocab=\"https:\/\/schema.org\/\" typeof=\"BreadcrumbList\"><span property=\"itemListElement\" typeof=\"ListItem\"><a property=\"item\" typeof=\"WebPage\" href=\"https:\/\/www.geneveroule.ch\/fr\/\" class=\"home\"><span property=\"name\">Accueil<\/span><\/a><meta property=\"position\" content=\"1\"><\/span> <span class=\"separator et-pb-icon\">&#x39;<\/span> <\/span><\/div>\n\t\t\t\t<\/div>\n\t\t\t<\/div>Rapport d&rsquo;activit\u00e9 2023<div class=\"_df_book df-lite\" id=\"df_59790\"  _slug=\"rapport-dactivite-2023\" data-title=\"rapport-dactivite-2023\" wpoptions=\"true\" thumb=\"https:\/\/www.geneveroule.ch\/wp-content\/uploads\/2024\/06\/vignette_rapport_activiteGeRoule.jpg\" thumbtype=\"\" ><\/div><script class=\"df-shortcode-script\" nowprocket type=\"application\/javascript\">window.option_df_59790 = {\"outline\":[],\"autoEnableOutline\":\"false\",\"autoEnableThumbnail\":\"false\",\"overwritePDFOutline\":\"false\",\"direction\":\"1\",\"pageSize\":\"0\",\"source\":\"https:\\\/\\\/www.geneveroule.ch\\\/wp-content\\\/uploads\\\/2024\\\/06\\\/Geneveroule_RA_2023_web.pdf\",\"wpOptions\":\"true\"}; if(window.DFLIP && window.DFLIP.parseBooks){window.DFLIP.parseBooks();}<\/script>Rapport d&rsquo;activit\u00e9 2023<\/p>\n","protected":false},"author":2,"featured_media":0,"parent":0,"menu_order":0,"comment_status":"closed","ping_status":"closed","template":"","meta":{"_et_pb_use_builder":"on","_et_pb_old_content":"<!-- wp:paragraph -->\n<p>Ceci est une page d\u2019exemple. C\u2019est diff\u00e9rent d\u2019un article de blog parce qu\u2019elle restera au m\u00eame endroit et appara\u00eetra dans la navigation de votre site (dans la plupart des th\u00e8mes). La plupart des gens commencent par une page \u00ab&nbsp;\u00c0 propos&nbsp;\u00bb qui les pr\u00e9sente aux personnes visitant du site. Cela pourrait ressembler \u00e0 quelque chose comme cela&nbsp;:<\/p>\n<!-- \/wp:paragraph -->\n\n<!-- wp:quote -->\n<blockquote class=\"wp-block-quote\"><p>Bonjour&nbsp;! Je suis un m\u00e9canicien qui aspire \u00e0 devenir acteur, et voici mon site. J\u2019habite \u00e0 Bordeaux, j\u2019ai un super chien baptis\u00e9 Russell, et j\u2019aime la vodka (ainsi qu\u2019\u00eatre surpris par la pluie soudaine lors de longues balades sur la plage au coucher du soleil).<\/p><\/blockquote>\n<!-- \/wp:quote -->\n\n<!-- wp:paragraph -->\n<p>\u2026ou quelque chose comme cela&nbsp;:<\/p>\n<!-- \/wp:paragraph -->\n\n<!-- wp:quote -->\n<blockquote class=\"wp-block-quote\"><p>La soci\u00e9t\u00e9 123 Machin Truc a \u00e9t\u00e9 cr\u00e9\u00e9e en 1971, et n\u2019a cess\u00e9 de proposer au public des machins-trucs de qualit\u00e9 depuis lors. Situ\u00e9e \u00e0 Saint-Remy-en-Bouzemont-Saint-Genest-et-Isson, 123 Machin Truc emploie 2 000 personnes, et fabrique toutes sortes de bidules supers pour la communaut\u00e9 bouzemontoise.<\/p><\/blockquote>\n<!-- \/wp:quote -->\n\n<!-- wp:paragraph -->\n<p>En tant que nouvel utilisateur ou utilisatrice de WordPress, vous devriez vous rendre sur <a href=\"https:\/\/www.geneveroule.ch\/wp-admin\/\">votre tableau de bord<\/a> pour supprimer cette page et cr\u00e9er de nouvelles pages pour votre contenu. Amusez-vous bien&nbsp;!<\/p>\n<!-- \/wp:paragraph -->","_et_gb_content_width":"","footnotes":""},"class_list":["post-59779","page","type-page","status-publish","hentry"],"yoast_head":"<!-- This site is optimized with the Yoast SEO plugin v27.3 - https:\/\/yoast.com\/product\/yoast-seo-wordpress\/ -->\n<title>Rapport d&#039;activit\u00e9 2023 - Gen\u00e8veroule<\/title>\n<meta name=\"description\" content=\"D\u00e9couvrez les r\u00e9alisations de l&#039;association Gen\u00e8veroule en 2023 pour promouvoir le v\u00e9lo et l&#039;insertion socio-professionnelle \u00e0 Gen\u00e8ve.\" \/>\n<meta name=\"robots\" content=\"index, follow, max-snippet:-1, max-image-preview:large, max-video-preview:-1\" \/>\n<link rel=\"canonical\" href=\"https:\/\/www.geneveroule.ch\/fr\/rapport-activite-2023\/\" \/>\n<meta property=\"og:locale\" content=\"fr_FR\" \/>\n<meta property=\"og:type\" content=\"article\" \/>\n<meta property=\"og:title\" content=\"Rapport d&#039;activit\u00e9 2023 - Gen\u00e8veroule\" \/>\n<meta property=\"og:description\" content=\"D\u00e9couvrez les r\u00e9alisations de l&#039;association Gen\u00e8veroule en 2023 pour promouvoir le v\u00e9lo et l&#039;insertion socio-professionnelle \u00e0 Gen\u00e8ve.\" \/>\n<meta property=\"og:url\" content=\"https:\/\/www.geneveroule.ch\/fr\/rapport-activite-2023\/\" \/>\n<meta property=\"og:site_name\" content=\"Gen\u00e8veroule\" \/>\n<meta property=\"article:modified_time\" content=\"2024-06-20T15:06:52+00:00\" \/>\n<meta name=\"twitter:card\" content=\"summary_large_image\" \/>\n<meta name=\"twitter:label1\" content=\"Dur\u00e9e de lecture estim\u00e9e\" \/>\n\t<meta name=\"twitter:data1\" content=\"1 minute\" \/>\n<script type=\"application\/ld+json\" class=\"yoast-schema-graph\">{\"@context\":\"https:\\\/\\\/schema.org\",\"@graph\":[{\"@type\":\"WebPage\",\"@id\":\"https:\\\/\\\/www.geneveroule.ch\\\/fr\\\/rapport-activite-2023\\\/\",\"url\":\"https:\\\/\\\/www.geneveroule.ch\\\/fr\\\/rapport-activite-2023\\\/\",\"name\":\"Rapport d'activit\u00e9 2023 - Gen\u00e8veroule\",\"isPartOf\":{\"@id\":\"https:\\\/\\\/www.geneveroule.ch\\\/fr\\\/#website\"},\"datePublished\":\"2024-06-13T12:44:19+00:00\",\"dateModified\":\"2024-06-20T15:06:52+00:00\",\"description\":\"D\u00e9couvrez les r\u00e9alisations de l'association Gen\u00e8veroule en 2023 pour promouvoir le v\u00e9lo et l'insertion socio-professionnelle \u00e0 Gen\u00e8ve.\",\"breadcrumb\":{\"@id\":\"https:\\\/\\\/www.geneveroule.ch\\\/fr\\\/rapport-activite-2023\\\/#breadcrumb\"},\"inLanguage\":\"fr-FR\",\"potentialAction\":[{\"@type\":\"ReadAction\",\"target\":[\"https:\\\/\\\/www.geneveroule.ch\\\/fr\\\/rapport-activite-2023\\\/\"]}]},{\"@type\":\"BreadcrumbList\",\"@id\":\"https:\\\/\\\/www.geneveroule.ch\\\/fr\\\/rapport-activite-2023\\\/#breadcrumb\",\"itemListElement\":[{\"@type\":\"ListItem\",\"position\":1,\"name\":\"Accueil\",\"item\":\"https:\\\/\\\/www.geneveroule.ch\\\/fr\\\/\"},{\"@type\":\"ListItem\",\"position\":2,\"name\":\"Rapport d&rsquo;activit\u00e9 2023\"}]},{\"@type\":\"WebSite\",\"@id\":\"https:\\\/\\\/www.geneveroule.ch\\\/fr\\\/#website\",\"url\":\"https:\\\/\\\/www.geneveroule.ch\\\/fr\\\/\",\"name\":\"Gen\u00e8veroule\",\"description\":\"v\u00e9lo et insertion\",\"potentialAction\":[{\"@type\":\"SearchAction\",\"target\":{\"@type\":\"EntryPoint\",\"urlTemplate\":\"https:\\\/\\\/www.geneveroule.ch\\\/fr\\\/?s={search_term_string}\"},\"query-input\":{\"@type\":\"PropertyValueSpecification\",\"valueRequired\":true,\"valueName\":\"search_term_string\"}}],\"inLanguage\":\"fr-FR\"}]}<\/script>\n<!-- \/ Yoast SEO plugin. -->","yoast_head_json":{"title":"Rapport d'activit\u00e9 2023 - Gen\u00e8veroule","description":"D\u00e9couvrez les r\u00e9alisations de l'association Gen\u00e8veroule en 2023 pour promouvoir le v\u00e9lo et l'insertion socio-professionnelle \u00e0 Gen\u00e8ve.","robots":{"index":"index","follow":"follow","max-snippet":"max-snippet:-1","max-image-preview":"max-image-preview:large","max-video-preview":"max-video-preview:-1"},"canonical":"https:\/\/www.geneveroule.ch\/fr\/rapport-activite-2023\/","og_locale":"fr_FR","og_type":"article","og_title":"Rapport d'activit\u00e9 2023 - Gen\u00e8veroule","og_description":"D\u00e9couvrez les r\u00e9alisations de l'association Gen\u00e8veroule en 2023 pour promouvoir le v\u00e9lo et l'insertion socio-professionnelle \u00e0 Gen\u00e8ve.","og_url":"https:\/\/www.geneveroule.ch\/fr\/rapport-activite-2023\/","og_site_name":"Gen\u00e8veroule","article_modified_time":"2024-06-20T15:06:52+00:00","twitter_card":"summary_large_image","twitter_misc":{"Dur\u00e9e de lecture estim\u00e9e":"1 minute"},"schema":{"@context":"https:\/\/schema.org","@graph":[{"@type":"WebPage","@id":"https:\/\/www.geneveroule.ch\/fr\/rapport-activite-2023\/","url":"https:\/\/www.geneveroule.ch\/fr\/rapport-activite-2023\/","name":"Rapport d'activit\u00e9 2023 - Gen\u00e8veroule","isPartOf":{"@id":"https:\/\/www.geneveroule.ch\/fr\/#website"},"datePublished":"2024-06-13T12:44:19+00:00","dateModified":"2024-06-20T15:06:52+00:00","description":"D\u00e9couvrez les r\u00e9alisations de l'association Gen\u00e8veroule en 2023 pour promouvoir le v\u00e9lo et l'insertion socio-professionnelle \u00e0 Gen\u00e8ve.","breadcrumb":{"@id":"https:\/\/www.geneveroule.ch\/fr\/rapport-activite-2023\/#breadcrumb"},"inLanguage":"fr-FR","potentialAction":[{"@type":"ReadAction","target":["https:\/\/www.geneveroule.ch\/fr\/rapport-activite-2023\/"]}]},{"@type":"BreadcrumbList","@id":"https:\/\/www.geneveroule.ch\/fr\/rapport-activite-2023\/#breadcrumb","itemListElement":[{"@type":"ListItem","position":1,"name":"Accueil","item":"https:\/\/www.geneveroule.ch\/fr\/"},{"@type":"ListItem","position":2,"name":"Rapport d&rsquo;activit\u00e9 2023"}]},{"@type":"WebSite","@id":"https:\/\/www.geneveroule.ch\/fr\/#website","url":"https:\/\/www.geneveroule.ch\/fr\/","name":"Gen\u00e8veroule","description":"v\u00e9lo et insertion","potentialAction":[{"@type":"SearchAction","target":{"@type":"EntryPoint","urlTemplate":"https:\/\/www.geneveroule.ch\/fr\/?s={search_term_string}"},"query-input":{"@type":"PropertyValueSpecification","valueRequired":true,"valueName":"search_term_string"}}],"inLanguage":"fr-FR"}]}},"_links":{"self":[{"href":"https:\/\/www.geneveroule.ch\/fr\/wp-json\/wp\/v2\/pages\/59779","targetHints":{"allow":["GET"]}}],"collection":[{"href":"https:\/\/www.geneveroule.ch\/fr\/wp-json\/wp\/v2\/pages"}],"about":[{"href":"https:\/\/www.geneveroule.ch\/fr\/wp-json\/wp\/v2\/types\/page"}],"author":[{"embeddable":true,"href":"https:\/\/www.geneveroule.ch\/fr\/wp-json\/wp\/v2\/users\/2"}],"replies":[{"embeddable":true,"href":"https:\/\/www.geneveroule.ch\/fr\/wp-json\/wp\/v2\/comments?post=59779"}],"version-history":[{"count":6,"href":"https:\/\/www.geneveroule.ch\/fr\/wp-json\/wp\/v2\/pages\/59779\/revisions"}],"predecessor-version":[{"id":59794,"href":"https:\/\/www.geneveroule.ch\/fr\/wp-json\/wp\/v2\/pages\/59779\/revisions\/59794"}],"wp:attachment":[{"href":"https:\/\/www.geneveroule.ch\/fr\/wp-json\/wp\/v2\/media?parent=59779"}],"curies":[{"name":"wp","href":"https:\/\/api.w.org\/{rel}","templated":true}]}}